{"id":13517,"date":"2014-02-06T11:09:13","date_gmt":"2014-02-06T11:09:13","guid":{"rendered":"http:\/\/demo.qodeinteractive.com\/strata\/?page_id=10306"},"modified":"2023-05-23T23:57:10","modified_gmt":"2023-05-23T23:57:10","slug":"metanoiaeditora-com","status":"publish","type":"page","link":"http:\/\/metanoiaeditora.com\/riodecores\/","title":{"rendered":"metanoiaeditora.com"},"content":{"rendered":"<div class=\"wpb-content-wrapper\"><p>[vc_row][vc_column][vc_gallery type=&#8221;flexslider_slide&#8221; interval=&#8221;3&#8243; images=&#8221;15595&#8243; img_size=&#8221;1920&#215;650&#8243;][\/vc_column][\/vc_row][vc_row type=&#8221;grid&#8221;][vc_column width=&#8221;1\/2&#8243;][vc_single_image image=&#8221;15559&#8243; img_size=&#8221;large&#8221;][\/vc_column][vc_column width=&#8221;1\/2&#8243;][vc_column_text]<\/p>\n<h5 style=\"text-align: justify;\">Este projeto liter\u00e1rio considera a urgente necessidade de contemplar a popula\u00e7\u00e3o LGBTQIA+ no \u00e2mbito da literatura que tanto poder de transforma\u00e7\u00e3o tem e \u00e9 t\u00e3o pouco utilizada para dar visibilidade e empoderamento a esse segmento da sociedade. Entendemos que a literatura se torna espelho para quem l\u00ea e, com isso, pode ajudar a desconstruir ideologias normalizadoras, estere\u00f3tipos e pr\u00e9-conceitos que levam \u00e0 exclus\u00e3o social de seres humanos, lhes roubando a dignidade e a cidadania.<\/h5>\n<h5 style=\"text-align: justify;\">Neste sentido, a Editora Metanoia, com 13 anos de (r)exist\u00eancia liter\u00e1ria, coloca sua expertise na produ\u00e7\u00e3o de literatura com, para e sobre pessoas LGBTQIA+ \u00e0 disposi\u00e7\u00e3o de autoras, autorxs e autores LGBTQIA+ da cidade do Rio de Janeiro, para a realiza\u00e7\u00e3o da segunda edi\u00e7\u00e3o do exitoso Concurso de Contos &amp; Poesias LGBTQIA+, atrav\u00e9s do Fomento \u00e0 Cultura Carioca (FOCA) da Secretaria Municipal de Cultura\/RJ.<\/h5>\n<p>&nbsp;<\/p>\n<h4 style=\"text-align: center;\"><a href=\"http:\/\/metanoiaeditora.com\/riodecores\/resultado\/\">Confira aqui o RESULTADO<\/a><\/h4>\n<p>&nbsp;<\/p>\n<p style=\"text-align: center;\"><a href=\"http:\/\/metanoiaeditora.com\/riodecores\/wp-content\/uploads\/2023\/05\/termo.doc\">Baixe aqui o TERMO DE CESS\u00c3O DE DIREITOS AUTORAIS<\/a><\/p>\n<p>[\/vc_column_text][\/vc_column][\/vc_row][vc_row][vc_column][vc_column_text]<img loading=\"lazy\" decoding=\"async\" class=\"size-full wp-image-14962 aligncenter\" src=\"http:\/\/metanoiaeditora.com\/riodecores\/wp-content\/uploads\/2022\/03\/barra-logos.jpg\" alt=\"\" width=\"1181\" height=\"168\" srcset=\"http:\/\/metanoiaeditora.com\/riodecores\/wp-content\/uploads\/2022\/03\/barra-logos.jpg 1181w, http:\/\/metanoiaeditora.com\/riodecores\/wp-content\/uploads\/2022\/03\/barra-logos-300x43.jpg 300w, http:\/\/metanoiaeditora.com\/riodecores\/wp-content\/uploads\/2022\/03\/barra-logos-1024x146.jpg 1024w, http:\/\/metanoiaeditora.com\/riodecores\/wp-content\/uploads\/2022\/03\/barra-logos-768x109.jpg 768w\" sizes=\"auto, (max-width: 1181px) 100vw, 1181px\" \/>[\/vc_column_text][\/vc_column][\/vc_row]<\/p>\n<\/div>","protected":false},"excerpt":{"rendered":"<p>[vc_row][vc_column][vc_gallery type=&#8221;flexslider_slide&#8221; interval=&#8221;3&#8243; images=&#8221;15595&#8243; img_size=&#8221;1920&#215;650&#8243;][\/vc_column][\/vc_row][vc_row type=&#8221;grid&#8221;][vc_column width=&#8221;1\/2&#8243;][vc_single_image image=&#8221;15559&#8243; img_size=&#8221;large&#8221;][\/vc_column][vc_column width=&#8221;1\/2&#8243;][vc_column_text] Este projeto liter\u00e1rio considera a urgente necessidade de contemplar a popula\u00e7\u00e3o LGBTQIA+ no \u00e2mbito da literatura que tanto poder de transforma\u00e7\u00e3o tem e \u00e9 t\u00e3o pouco utilizada para dar visibilidade e empoderamento a esse segmento&#8230;<\/p>\n","protected":false},"author":1,"featured_media":0,"parent":0,"menu_order":0,"comment_status":"closed","ping_status":"closed","template":"full_width.php","meta":{"footnotes":""},"class_list":["post-13517","page","type-page","status-publish","hentry"],"_links":{"self":[{"href":"http:\/\/metanoiaeditora.com\/riodecores\/wp-json\/wp\/v2\/pages\/13517","targetHints":{"allow":["GET"]}}],"collection":[{"href":"http:\/\/metanoiaeditora.com\/riodecores\/wp-json\/wp\/v2\/pages"}],"about":[{"href":"http:\/\/metanoiaeditora.com\/riodecores\/wp-json\/wp\/v2\/types\/page"}],"author":[{"embeddable":true,"href":"http:\/\/metanoiaeditora.com\/riodecores\/wp-json\/wp\/v2\/users\/1"}],"replies":[{"embeddable":true,"href":"http:\/\/metanoiaeditora.com\/riodecores\/wp-json\/wp\/v2\/comments?post=13517"}],"version-history":[{"count":86,"href":"http:\/\/metanoiaeditora.com\/riodecores\/wp-json\/wp\/v2\/pages\/13517\/revisions"}],"predecessor-version":[{"id":15630,"href":"http:\/\/metanoiaeditora.com\/riodecores\/wp-json\/wp\/v2\/pages\/13517\/revisions\/15630"}],"wp:attachment":[{"href":"http:\/\/metanoiaeditora.com\/riodecores\/wp-json\/wp\/v2\/media?parent=13517"}],"curies":[{"name":"wp","href":"https:\/\/api.w.org\/{rel}","templated":true}]}}