{"id":13510,"date":"2014-02-03T13:16:52","date_gmt":"2014-02-03T13:16:52","guid":{"rendered":"http:\/\/demo.qodeinteractive.com\/strata\/?page_id=9589"},"modified":"2024-03-13T13:57:17","modified_gmt":"2024-03-13T13:57:17","slug":"juradas","status":"publish","type":"page","link":"https:\/\/metanoiaeditora.com\/concurso\/juradas\/","title":{"rendered":"Juradas"},"content":{"rendered":"<div class=\"wpb-content-wrapper\"><p>[vc_row][vc_column][vc_gallery interval=&#8221;3&#8243; images=&#8221;15554&#8243;][\/vc_column][\/vc_row][vc_row][vc_column width=&#8221;1\/4&#8243;][vc_column_text]<a href=\"http:\/\/metanoiaeditora.com\/concurso\/wp-content\/uploads\/2024\/02\/WhatsApp-Image-2024-02-27-at-14.03.46.jpeg\"><img loading=\"lazy\" decoding=\"async\" class=\" wp-image-15531 aligncenter\" src=\"http:\/\/metanoiaeditora.com\/concurso\/wp-content\/uploads\/2024\/02\/WhatsApp-Image-2024-02-27-at-14.03.46.jpeg\" alt=\"\" width=\"294\" height=\"475\" \/><\/a>[\/vc_column_text][vc_column_text]<\/p>\n<h4 style=\"text-align: center;\"><strong>Camila Marins<\/strong><\/h4>\n<p>[\/vc_column_text][vc_column_text]<\/p>\n<p style=\"text-align: justify;\">Camila Marins \u00e9 formada em jornalismo pela Pontif\u00edcia Universidade Cat\u00f3lica de Campinas (2005), mestranda no N\u00facleo de Estudos de Pol\u00edticas P\u00fablicas em Direitos Humanos da Universidade Federal do Rio de Janeiro.<br \/>\n\u00c9 revisora do dossi\u00ea sobre a situa\u00e7\u00e3o dos direitos humanos da popula\u00e7\u00e3o LGBTI negra no Brasil, produzido pela Race &amp; Equality , Instituto Internacional sobre Ra\u00e7a, Igualdade e de Direitos Humanos no Brasil. Colunista do Coletivo Pretaria.<br \/>\n\u00c9 ainda autora e co-autora dos artigos #ElasSim: L\u00e9sbicas na Pol\u00edtica (Revista Brejeiras 2018), Mulheres Pretas no Poder &#8211; Um filme sobre as sobreviventes da pol\u00edtica do ou\/ou (M\u00eddia Ninja, 2020), &#8216;Ind\u00fastria Americana&#8217; mostra precariza\u00e7\u00e3o do trabalho crua e desigual (Jornal Brasil de Fato, 2020), 50 Anos e a luta contra a viol\u00eancia policial (Folha de S\u00e3o Paulo), 51 anos de Stonewall e a luta contra a viol\u00eancia policial. (Jornal o Globo, 2020).<br \/>\nCamila tem ra\u00edzes nos movimentos feministas. Em 2015, junto a Indianare Siqueira, Camila teve grande participa\u00e7\u00e3o na cria\u00e7\u00e3o do projeto educacional PreparaNem, um preparat\u00f3rio para o Enem para travestis e transexuais, grupo embrion\u00e1rio da CasaNem (um espa\u00e7o de acolhimento e moradia para pessoas LGBTI no RJ). Seu voluntariado neste projeto foi de grande import\u00e2ncia, com sua assessoria o projeto foi indicado ao pr\u00eamio Faz a Diferen\u00e7a do jornal O Globo.<br \/>\nFoi eleita diretora do Sindicato dos Jornalistas Profissionais do Munic\u00edpio do Rio de Janeiro. Nos anos em que comp\u00f4s a diretoria do sindicato dos jornalistas, teve um papel importante na greve de 2015 da Empresa Brasil de Comunica\u00e7\u00e3o (EBC) e em defesa da comunica\u00e7\u00e3o p\u00fablica.<br \/>\nEnquanto assessora da deputada estadual Monica Francisco, Camila foi uma das idealizadoras de projetos de lei, um deles que transforma as r\u00e1dios MEC e Nacional em patrim\u00f4nio imaterial do estado e que foram aprovados na ALERJ, foi ainda idealizadora do Projeto de Lei Luana Barbosa 4364\/2021 que pretende tornar 13 de abril o Dia Estadual de Enfrentamento ao Lesboc\u00eddio no Rio de Janeiro e tamb\u00e9m uma das formuladores sobre a discuss\u00e3o do or\u00e7amento \u00e9 coisa de mulher em que debate o or\u00e7amento do estado a partir de uma intersec\u00e7\u00e3o de classe, g\u00eanero e ra\u00e7a.<br \/>\nJunto com a vereadora Marielle Franco e a Frente L\u00e9sbica do Rio de Janeiro, foi uma das organizadoras do Ocupa Sapat\u00e3o em 2017 e do Projeto de Lei da Visibilidade L\u00e9sbica. Ap\u00f3s o assassinato pol\u00edtico de Marielle, Camila trabalhou para a consolida\u00e7\u00e3o do Ocupa Sapat\u00e3o como meio de organiza\u00e7\u00e3o pol\u00edtica e ocupa\u00e7\u00e3o das ruas de l\u00e9sbicas.<br \/>\nTamb\u00e9m \u00e9 fundadora e editora da Revista Brejeiras, um peri\u00f3dico escrito por e para mulheres l\u00e9sbicas, que se tornou um movimento de organiza\u00e7\u00e3o pol\u00edtica de mulheres l\u00e9sbicas.<\/p>\n<p>[\/vc_column_text][\/vc_column][vc_column width=&#8221;1\/4&#8243;][vc_column_text]<img loading=\"lazy\" decoding=\"async\" class=\"alignnone size-full wp-image-15053\" src=\"http:\/\/metanoiaeditora.com\/concurso\/wp-content\/uploads\/2022\/03\/Jaqueline-gomes-.jpg\" alt=\"\" width=\"1200\" height=\"1200\" srcset=\"https:\/\/metanoiaeditora.com\/concurso\/wp-content\/uploads\/2022\/03\/Jaqueline-gomes-.jpg 1200w, https:\/\/metanoiaeditora.com\/concurso\/wp-content\/uploads\/2022\/03\/Jaqueline-gomes--300x300.jpg 300w, https:\/\/metanoiaeditora.com\/concurso\/wp-content\/uploads\/2022\/03\/Jaqueline-gomes--1024x1024.jpg 1024w, https:\/\/metanoiaeditora.com\/concurso\/wp-content\/uploads\/2022\/03\/Jaqueline-gomes--150x150.jpg 150w, https:\/\/metanoiaeditora.com\/concurso\/wp-content\/uploads\/2022\/03\/Jaqueline-gomes--768x768.jpg 768w, https:\/\/metanoiaeditora.com\/concurso\/wp-content\/uploads\/2022\/03\/Jaqueline-gomes--520x520.jpg 520w\" sizes=\"auto, (max-width: 1200px) 100vw, 1200px\" \/>[\/vc_column_text][vc_column_text]<\/p>\n<h4 class=\"q_team_name\">Jaqueline Gomes de Jesus<\/h4>\n<p>[\/vc_column_text][vc_column_text]<\/p>\n<p style=\"text-align: justify;\">Professora de Psicologia do Instituto Federal do Rio de Janeiro (IFRJ) e da Escola Nacional de Sa\u00fade P\u00fablica S\u00e9rgio Arouca (ENSP\/Fiocruz).<br \/>\nDocente Permanente dos Programas de P\u00f3s-gradua\u00e7\u00e3o stricto sensu em Ensino de Hist\u00f3ria da Universidade Federal Rural do Rio de Janeiro (ProfHist\u00f3ria\/UFRRJ) e Interinstitucional em Bio\u00e9tica, \u00c9tica Aplicada e Sa\u00fade Coletiva (PPGBIOS-UFRJ\/UFF\/UERJ\/FIOCRUZ). Doutora em Psicologia Social do Trabalho e das Organiza\u00e7\u00f5es pela Universidade de Bras\u00edlia (UnB), com p\u00f3s-doutorado pela Escola Superior de Ci\u00eancias Sociais e Hist\u00f3ria da Funda\u00e7\u00e3o Get\u00falio Vargas (CPDOC\/FGV). Pesquisadora-L\u00edder do ODARA &#8211; Grupo Interdisciplinar de Pesquisa em Cultura, Identidade e Diversidade (CNPq).<br \/>\nFoi Pesquisadora Visitante da Duke University (EUA), com a qual desenvolve pesquisa sobre sa\u00fade mental de minorias sexuais e de g\u00eanero em seis pa\u00edses.<br \/>\nPrimeira gestora do Sistema de Cotas para Negras e Negros da UnB (2004-2008). Atuou no Minist\u00e9rio do Planejamento (2008-2010) para formula\u00e7\u00e3o da pol\u00edtica nacional de aten\u00e7\u00e3o \u00e0 sa\u00fade dos servidores p\u00fablicos federais. Foi Conselheira do Conselho Regional de Psicologia do Distrito Federal (gest\u00e3o 2013-2016).<br \/>\n\u00c9 integrante da Comiss\u00e3o de Direitos Humanos do Conselho Federal de Psicologia (CDH\/CFP).<br \/>\nPresidenta da ABETH &#8211; Associa\u00e7\u00e3o Brasileira de Estudos da Trans-Homocultura (gest\u00e3o 2021-2023).<br \/>\nAutora de centenas de publica\u00e7\u00f5es, entre elas os livros &#8220;Transfeminismo: Teorias e Pr\u00e1ticas&#8220;, &#8220;Homofobia: Identificar e Prevenir&#8220; e &#8220;Eu n\u00e3o sou uma Mulher? E outros discursos de Sojourner Truth&#8220;. Foi homenageada em 2017 com a Medalha Chiquinha Gonzaga, da C\u00e2mara Municipal, por indica\u00e7\u00e3o da Vereadora Marielle Franco.<\/p>\n<p>[\/vc_column_text][\/vc_column][vc_column width=&#8221;1\/4&#8243;][vc_column_text]<a href=\"http:\/\/metanoiaeditora.com\/concurso\/wp-content\/uploads\/2024\/02\/WhatsApp-Image-2024-02-28-at-13.54.46.jpeg\"><img loading=\"lazy\" decoding=\"async\" class=\"wp-image-15533 aligncenter\" src=\"http:\/\/metanoiaeditora.com\/concurso\/wp-content\/uploads\/2024\/02\/WhatsApp-Image-2024-02-28-at-13.54.46.jpeg\" alt=\"\" width=\"357\" height=\"527\" \/><\/a>[\/vc_column_text][vc_column_text]<\/p>\n<h4 class=\"q_team_name\">Gisele Rose da Silva<\/h4>\n<p>[\/vc_column_text][vc_column_text]<\/p>\n<p style=\"text-align: justify;\">Fil\u00f3sofa e escritora. Professora da Secretaria Estadual de Educa\u00e7\u00e3o do Rio de Janeiro (SEEDUC-RJ). Mestra em Rela\u00e7\u00f5es \u00e9tnico raciais pelo Centro Federal de Educa\u00e7\u00e3o Tecnol\u00f3gica Celso Suckow da Fonseca (CEFET-RJ), Especialista em Energia e Sociedade no Capitalismo Contempor\u00e2neo pela Universidade Federal do Rio de Janeiro (UFRJ) e Graduada em Filosofia pela Universidade Federal do Rio de Janeiro (UFRJ).<br \/>\nMembro da Associa\u00e7\u00e3o Brasileira de Pesquisadores Negros (ABPN) e da Comunidade As Pensadoras.<\/p>\n<p style=\"text-align: justify;\">Colaboradora e idealizadora do Projeto Fun-L&#8217;Agb\u00e1ra.<\/p>\n<p style=\"text-align: justify;\">Colunista da Revista Ax\u00e9 News.<\/p>\n<p style=\"text-align: justify;\">Autora de: Azoilda Loretto da Trindade: o baob\u00e1 dos valores civilizat\u00f3rios afro-brasileiros e O Curso de Energia e Sociedade no capitalismo contempor\u00e2neo.<\/p>\n<p style=\"text-align: justify;\">Organizadora das Antologias: Mulheres Pretas de F\u00e9 tecendo fios de lideran\u00e7a e representatividade e Lute como uma Professora.<br \/>\nParticipa\u00e7\u00e3o nas antologias: \u00c1rvore da Lembran\u00e7a, A sobreviv\u00eancia humana na Terra Vozes Femininas \u00e0 Asase Yaa, Mulheres do Ler III, Mulheres do Ler IV e Sobreviventes II. Participante da colet\u00e2nea O despertar das consci\u00eancias Experi\u00eancias no debate \u00e9tnico-racial e antirracista em projetos de educa\u00e7\u00e3o n\u00e3o formal, e da colet\u00e2nea Educa\u00e7\u00e3o das Rela\u00e7\u00f5es Raciais no ensino b\u00e1sico, t\u00e9cnico e tecnol\u00f3gico.<\/p>\n<p style=\"text-align: justify;\">Bab\u00e1 de Umbanda Apetebi Osa<br \/>\nMeji.<\/p>\n<p>[\/vc_column_text][\/vc_column][vc_column width=&#8221;1\/4&#8243;][vc_column_text]<a href=\"http:\/\/metanoiaeditora.com\/concurso\/wp-content\/uploads\/2024\/02\/foto.jpeg\"><img loading=\"lazy\" decoding=\"async\" class=\"wp-image-15532 aligncenter\" src=\"http:\/\/metanoiaeditora.com\/concurso\/wp-content\/uploads\/2024\/02\/foto.jpeg\" alt=\"\" width=\"426\" height=\"586\" \/><\/a>[\/vc_column_text][vc_column_text]<\/p>\n<h4 class=\"q_team_name\" style=\"text-align: center;\">Maria Gilda Alves de Oliveira<\/h4>\n<p>[\/vc_column_text][vc_column_text]<\/p>\n<p style=\"text-align: justify;\">Filha de dona Marli, sou carioca, professora da educa\u00e7\u00e3o profissional em sa\u00fade e doutora em bio\u00e9tica. Sou m\u00e3e de Akil Kayode e Yaminaah Abayomi. Atualmente estudo sobre educa\u00e7\u00e3o em direitos humanos. Al\u00e9m disso, curto cinema, m\u00fasica, dan\u00e7a, poesia. Fui 2\u00aa colocada na categoria &#8220;contos&#8221; da primeira edi\u00e7\u00e3o do Pr\u00eamio Concei\u00e7\u00e3o Evaristo de Literatura da Mulher Negra.<\/p>\n<p>[\/vc_column_text][\/vc_column][\/vc_row][vc_row][vc_column][vc_separator type=&#8221;transparent&#8221;][vc_separator type=&#8221;transparent&#8221;][\/vc_column][\/vc_row][vc_row][vc_column][vc_column_text]<a href=\"http:\/\/metanoiaeditora.com\/concurso\/wp-content\/uploads\/2024\/02\/barra-de-logos_.png\"><img loading=\"lazy\" decoding=\"async\" class=\"alignnone size-full wp-image-15542\" src=\"http:\/\/metanoiaeditora.com\/concurso\/wp-content\/uploads\/2024\/02\/barra-de-logos_.png\" alt=\"\" width=\"2000\" height=\"200\" srcset=\"https:\/\/metanoiaeditora.com\/concurso\/wp-content\/uploads\/2024\/02\/barra-de-logos_.png 2000w, https:\/\/metanoiaeditora.com\/concurso\/wp-content\/uploads\/2024\/02\/barra-de-logos_-300x30.png 300w, https:\/\/metanoiaeditora.com\/concurso\/wp-content\/uploads\/2024\/02\/barra-de-logos_-1024x102.png 1024w, https:\/\/metanoiaeditora.com\/concurso\/wp-content\/uploads\/2024\/02\/barra-de-logos_-768x77.png 768w, https:\/\/metanoiaeditora.com\/concurso\/wp-content\/uploads\/2024\/02\/barra-de-logos_-1536x154.png 1536w\" sizes=\"auto, (max-width: 2000px) 100vw, 2000px\" \/><\/a>[\/vc_column_text][\/vc_column][\/vc_row]<\/p>\n<\/div>","protected":false},"excerpt":{"rendered":"<p>[vc_row][vc_column][vc_gallery interval=&#8221;3&#8243; images=&#8221;15554&#8243;][\/vc_column][\/vc_row][vc_row][vc_column width=&#8221;1\/4&#8243;][vc_column_text][\/vc_column_text][vc_column_text] Camila Marins [\/vc_column_text][vc_column_text] Camila Marins \u00e9 formada em jornalismo pela Pontif\u00edcia Universidade Cat\u00f3lica de Campinas (2005), mestranda no N\u00facleo de Estudos de Pol\u00edticas P\u00fablicas em Direitos Humanos da Universidade Federal do Rio de Janeiro. \u00c9 revisora do dossi\u00ea sobre a situa\u00e7\u00e3o&#8230;<\/p>\n","protected":false},"author":1,"featured_media":0,"parent":0,"menu_order":0,"comment_status":"closed","ping_status":"closed","template":"","meta":{"footnotes":""},"class_list":["post-13510","page","type-page","status-publish","hentry"],"_links":{"self":[{"href":"https:\/\/metanoiaeditora.com\/concurso\/wp-json\/wp\/v2\/pages\/13510","targetHints":{"allow":["GET"]}}],"collection":[{"href":"https:\/\/metanoiaeditora.com\/concurso\/wp-json\/wp\/v2\/pages"}],"about":[{"href":"https:\/\/metanoiaeditora.com\/concurso\/wp-json\/wp\/v2\/types\/page"}],"author":[{"embeddable":true,"href":"https:\/\/metanoiaeditora.com\/concurso\/wp-json\/wp\/v2\/users\/1"}],"replies":[{"embeddable":true,"href":"https:\/\/metanoiaeditora.com\/concurso\/wp-json\/wp\/v2\/comments?post=13510"}],"version-history":[{"count":37,"href":"https:\/\/metanoiaeditora.com\/concurso\/wp-json\/wp\/v2\/pages\/13510\/revisions"}],"predecessor-version":[{"id":15570,"href":"https:\/\/metanoiaeditora.com\/concurso\/wp-json\/wp\/v2\/pages\/13510\/revisions\/15570"}],"wp:attachment":[{"href":"https:\/\/metanoiaeditora.com\/concurso\/wp-json\/wp\/v2\/media?parent=13510"}],"curies":[{"name":"wp","href":"https:\/\/api.w.org\/{rel}","templated":true}]}}