{"id":13512,"date":"2014-02-03T16:31:07","date_gmt":"2014-02-03T16:31:07","guid":{"rendered":"http:\/\/demo.qodeinteractive.com\/strata\/?page_id=9717"},"modified":"2024-02-28T20:14:37","modified_gmt":"2024-02-28T20:14:37","slug":"o-concurso","status":"publish","type":"page","link":"https:\/\/metanoiaeditora.com\/concurso\/o-concurso\/","title":{"rendered":"O Concurso"},"content":{"rendered":"<div class=\"wpb-content-wrapper\"><p>[vc_row][vc_column][vc_gallery type=&#8221;flexslider_slide&#8221; interval=&#8221;3&#8243; images=&#8221;15547&#8243; img_size=&#8221;full&#8221;][\/vc_column][\/vc_row][vc_row type=&#8221;grid&#8221; background_color=&#8221;#fbfbfb&#8221; border_color=&#8221;#eaeaea&#8221; padding_top=&#8221;60&#8243; padding_bottom=&#8221;18&#8243;][vc_column width=&#8221;1\/2&#8243;][vc_separator type=&#8221;transparent&#8221; up=&#8221;2&#8243; down=&#8221;0&#8243;][vc_separator type=&#8221;transparent&#8221; up=&#8221;2&#8243; down=&#8221;0&#8243;][vc_separator type=&#8221;transparent&#8221; up=&#8221;2&#8243; down=&#8221;0&#8243;][vc_separator type=&#8221;transparent&#8221; up=&#8221;2&#8243; down=&#8221;0&#8243;][vc_separator type=&#8221;transparent&#8221; up=&#8221;0&#8243; down=&#8221;12&#8243;][vc_column_text]<a href=\"http:\/\/metanoiaeditora.com\/concurso\/wp-content\/uploads\/2024\/02\/Design-sem-nome-14.png\"><img loading=\"lazy\" decoding=\"async\" class=\"alignnone size-full wp-image-15546\" src=\"http:\/\/metanoiaeditora.com\/concurso\/wp-content\/uploads\/2024\/02\/Design-sem-nome-14.png\" alt=\"\" width=\"1080\" height=\"1080\" srcset=\"https:\/\/metanoiaeditora.com\/concurso\/wp-content\/uploads\/2024\/02\/Design-sem-nome-14.png 1080w, https:\/\/metanoiaeditora.com\/concurso\/wp-content\/uploads\/2024\/02\/Design-sem-nome-14-300x300.png 300w, https:\/\/metanoiaeditora.com\/concurso\/wp-content\/uploads\/2024\/02\/Design-sem-nome-14-1024x1024.png 1024w, https:\/\/metanoiaeditora.com\/concurso\/wp-content\/uploads\/2024\/02\/Design-sem-nome-14-150x150.png 150w, https:\/\/metanoiaeditora.com\/concurso\/wp-content\/uploads\/2024\/02\/Design-sem-nome-14-768x768.png 768w, https:\/\/metanoiaeditora.com\/concurso\/wp-content\/uploads\/2024\/02\/Design-sem-nome-14-520x520.png 520w\" sizes=\"auto, (max-width: 1080px) 100vw, 1080px\" \/><\/a>[\/vc_column_text][vc_separator type=&#8221;transparent&#8221; up=&#8221;10&#8243; down=&#8221;12&#8243;][vc_separator type=&#8221;transparent&#8221; up=&#8221;49&#8243; down=&#8221;0&#8243;][\/vc_column][vc_column width=&#8221;1\/2&#8243;][vc_column_text]<\/p>\n<h3>Pr\u00eamio Concei\u00e7\u00e3o Evaristo<\/h3>\n<p>[\/vc_column_text][vc_tta_accordion][vc_tta_section title=&#8221;O Concurso&#8221; tab_id=&#8221;1647142836125-8373ffb9-695749a1-0b1a&#8221;][vc_column_text]<strong>O Pr\u00eamio Concei\u00e7\u00e3o Evaristo de literatura da mulher negra <\/strong>\u00e9 uma iniciativa da Editora Metanoia, com o patroc\u00ednio do Minist\u00e9rio da Cultura e Secretaria Municipal de Cultura do Rio de Janeiro, atrav\u00e9s da Lei Paulo Gustavo \u2013 Programa Pr\u00f3 Carioca Diversidade, e \u00e9 fruto do pensamento de que a\u00e7\u00f5es culturais s\u00e3o o meio ideal de vencer o preconceito e a exclus\u00e3o a que s\u00e3o relegadas tantas pessoas negras no munic\u00edpio do Rio de Janeiro, em especial as mulheres negras e perif\u00e9ricas.<\/p>\n<p>Este projeto liter\u00e1rio considera a urgente necessidade de contemplar a popula\u00e7\u00e3o de mulheres negras no \u00e2mbito da literatura que tanto poder de transforma\u00e7\u00e3o tem e \u00e9 t\u00e3o pouco utilizada para dar visibilidade e empoderamento a esse segmento da sociedade.<\/p>\n<p>O objetivo deste projeto \u00e9 produzir literatura que fale para e sobre mulheres negras, suas alegrias e dores, afetos, sonhos, enfim, o cotidiano de pessoas muitas vezes desumanizadas pelo agir da sociedade.<\/p>\n<p>Entendemos que a literatura se torna espelho para quem l\u00ea e, com isso, pode ajudar a desconstruir ideologias racistas, estere\u00f3tipos e pr\u00e9-conceitos que levam \u00e0 exclus\u00e3o social de seres humanos, em especial mulheres negras perif\u00e9ricas, lhes roubando a dignidade e a cidadania.\u00a0 Especificamente este projeto pretende:<\/p>\n<ol>\n<li>a) Contribuir para a cria\u00e7\u00e3o de uma cultura de paz, a fim de que possamos ser capazes de coexistir com a diversidade humana sem racismo, sexismo ou qualquer tipo de preconceito;<\/li>\n<li>b) Fornecer para a Secretaria Municipal de Cultura do Munic\u00edpio do Rio de Janeiro, material liter\u00e1rio para viabilizar a\u00e7\u00f5es de visibilidade e empoderamento da mulher negra carioca;<\/li>\n<li>c) Instrumentalizar educadores e quaisquer profissionais que trabalhem com cultura, \u00e0 abordagem do tema g\u00eanero, ra\u00e7a e classe e suas intersec\u00e7\u00f5es;<\/li>\n<li>d) Promover a divulga\u00e7\u00e3o e a distribui\u00e7\u00e3o de literatura com protagonismo de mulheres negras, inclusive em braile, principalmente em equipamentos culturais e bibliotecas do Munic\u00edpio do Rio de Janeiro.<\/li>\n<\/ol>\n<p>Al\u00e9m de reafirmar valores que possibilitem o reconhecimento, o protagonismo e a valoriza\u00e7\u00e3o das mulheres negras cariocas, a Secretaria Municipal de Cultura do Rio de Janeiro, construtora de uma realidade que abarca em si a diversidade de tantas experi\u00eancias humanas, juntamente com a Editora Metanoia, inova apostando na produ\u00e7\u00e3o de literatura que ousa romper com paradigmas excludentes e aponta para um Brasil onde homens e mulheres, brancos, negros e ind\u00edgenas, ser\u00e3o iguais em direitos e dignidade.[\/vc_column_text][\/vc_tta_section][\/vc_tta_accordion][vc_column_text]<\/p>\n<h3 style=\"text-align: center;\"><a href=\"http:\/\/metanoiaeditora.com\/concurso\/wp-content\/uploads\/2024\/02\/Edital-Premio.pdf\">Download do Edital<\/a><\/h3>\n<p>[\/vc_column_text][vc_column_text]<a href=\"http:\/\/metanoiaeditora.com\/concurso\/wp-content\/uploads\/2024\/02\/Edital-Premio.pdf\" target=\"_blanck\" rel=\"noopener\"><img decoding=\"async\" class=\"size-full wp-image-15027 aligncenter\" src=\"http:\/\/www.metanoiaeditora.com\/concurso\/wp-content\/uploads\/2022\/03\/pdf.png\" alt=\"\" width=\"180\" srcset=\"https:\/\/metanoiaeditora.com\/concurso\/wp-content\/uploads\/2022\/03\/pdf.png 283w, https:\/\/metanoiaeditora.com\/concurso\/wp-content\/uploads\/2022\/03\/pdf-228x300.png 228w\" sizes=\"(max-width: 283px) 100vw, 283px\" \/><\/a>[\/vc_column_text][vc_separator type=&#8221;transparent&#8221; up=&#8221;49&#8243; down=&#8221;0&#8243;][\/vc_column][\/vc_row][vc_row][vc_column][vc_column_text]<a href=\"http:\/\/metanoiaeditora.com\/concurso\/wp-content\/uploads\/2024\/02\/barra-de-logos_.png\"><img loading=\"lazy\" decoding=\"async\" class=\"alignnone size-full wp-image-15542\" src=\"http:\/\/metanoiaeditora.com\/concurso\/wp-content\/uploads\/2024\/02\/barra-de-logos_.png\" alt=\"\" width=\"2000\" height=\"200\" srcset=\"https:\/\/metanoiaeditora.com\/concurso\/wp-content\/uploads\/2024\/02\/barra-de-logos_.png 2000w, https:\/\/metanoiaeditora.com\/concurso\/wp-content\/uploads\/2024\/02\/barra-de-logos_-300x30.png 300w, https:\/\/metanoiaeditora.com\/concurso\/wp-content\/uploads\/2024\/02\/barra-de-logos_-1024x102.png 1024w, https:\/\/metanoiaeditora.com\/concurso\/wp-content\/uploads\/2024\/02\/barra-de-logos_-768x77.png 768w, https:\/\/metanoiaeditora.com\/concurso\/wp-content\/uploads\/2024\/02\/barra-de-logos_-1536x154.png 1536w\" sizes=\"auto, (max-width: 2000px) 100vw, 2000px\" \/><\/a>[\/vc_column_text][\/vc_column][\/vc_row]<\/p>\n<\/div>","protected":false},"excerpt":{"rendered":"<p>[vc_row][vc_column][vc_gallery type=&#8221;flexslider_slide&#8221; interval=&#8221;3&#8243; images=&#8221;15547&#8243; img_size=&#8221;full&#8221;][\/vc_column][\/vc_row][vc_row type=&#8221;grid&#8221; background_color=&#8221;#fbfbfb&#8221; border_color=&#8221;#eaeaea&#8221; padding_top=&#8221;60&#8243; padding_bottom=&#8221;18&#8243;][vc_column width=&#8221;1\/2&#8243;][vc_separator type=&#8221;transparent&#8221; up=&#8221;2&#8243; down=&#8221;0&#8243;][vc_separator type=&#8221;transparent&#8221; up=&#8221;2&#8243; down=&#8221;0&#8243;][vc_separator type=&#8221;transparent&#8221; up=&#8221;2&#8243; down=&#8221;0&#8243;][vc_separator type=&#8221;transparent&#8221; up=&#8221;2&#8243; down=&#8221;0&#8243;][vc_separator type=&#8221;transparent&#8221; up=&#8221;0&#8243; down=&#8221;12&#8243;][vc_column_text][\/vc_column_text][vc_separator type=&#8221;transparent&#8221; up=&#8221;10&#8243; down=&#8221;12&#8243;][vc_separator type=&#8221;transparent&#8221; up=&#8221;49&#8243; down=&#8221;0&#8243;][\/vc_column][vc_column width=&#8221;1\/2&#8243;][vc_column_text] Pr\u00eamio Concei\u00e7\u00e3o Evaristo [\/vc_column_text][vc_tta_accordion][vc_tta_section title=&#8221;O Concurso&#8221; tab_id=&#8221;1647142836125-8373ffb9-695749a1-0b1a&#8221;][vc_column_text]O Pr\u00eamio Concei\u00e7\u00e3o Evaristo de literatura&#8230;<\/p>\n","protected":false},"author":1,"featured_media":0,"parent":0,"menu_order":0,"comment_status":"closed","ping_status":"closed","template":"full_width.php","meta":{"footnotes":""},"class_list":["post-13512","page","type-page","status-publish","hentry"],"_links":{"self":[{"href":"https:\/\/metanoiaeditora.com\/concurso\/wp-json\/wp\/v2\/pages\/13512","targetHints":{"allow":["GET"]}}],"collection":[{"href":"https:\/\/metanoiaeditora.com\/concurso\/wp-json\/wp\/v2\/pages"}],"about":[{"href":"https:\/\/metanoiaeditora.com\/concurso\/wp-json\/wp\/v2\/types\/page"}],"author":[{"embeddable":true,"href":"https:\/\/metanoiaeditora.com\/concurso\/wp-json\/wp\/v2\/users\/1"}],"replies":[{"embeddable":true,"href":"https:\/\/metanoiaeditora.com\/concurso\/wp-json\/wp\/v2\/comments?post=13512"}],"version-history":[{"count":32,"href":"https:\/\/metanoiaeditora.com\/concurso\/wp-json\/wp\/v2\/pages\/13512\/revisions"}],"predecessor-version":[{"id":15560,"href":"https:\/\/metanoiaeditora.com\/concurso\/wp-json\/wp\/v2\/pages\/13512\/revisions\/15560"}],"wp:attachment":[{"href":"https:\/\/metanoiaeditora.com\/concurso\/wp-json\/wp\/v2\/media?parent=13512"}],"curies":[{"name":"wp","href":"https:\/\/api.w.org\/{rel}","templated":true}]}}