{"id":13517,"date":"2014-02-06T11:09:13","date_gmt":"2014-02-06T11:09:13","guid":{"rendered":"http:\/\/demo.qodeinteractive.com\/strata\/?page_id=10306"},"modified":"2025-01-09T18:47:47","modified_gmt":"2025-01-09T18:47:47","slug":"metanoiaeditora-com","status":"publish","type":"page","link":"https:\/\/metanoiaeditora.com\/concurso\/","title":{"rendered":"metanoiaeditora.com"},"content":{"rendered":"<div class=\"wpb-content-wrapper\"><p>[vc_row][vc_column][vc_gallery type=&#8221;flexslider_slide&#8221; interval=&#8221;3&#8243; images=&#8221;15716&#8243; img_size=&#8221;1920&#215;560&#8243; onclick=&#8221;custom_link&#8221; css=&#8221;&#8221; custom_links=&#8221;#E-8_aHR0cHMlM0ElMkYlMkZtZXRhbm9pYWVkaXRvcmEuY29tJTJGY29uY3Vyc28lMkZlYm9vayUyRg==&#8221;][\/vc_column][\/vc_row][vc_row type=&#8221;grid&#8221;][vc_column width=&#8221;1\/2&#8243;][vc_separator type=&#8221;transparent&#8221; up=&#8221;20&#8243; down=&#8221;22&#8243;][vc_separator type=&#8221;transparent&#8221; up=&#8221;20&#8243; down=&#8221;22&#8243;][vc_separator type=&#8221;transparent&#8221; up=&#8221;20&#8243; down=&#8221;22&#8243;][vc_separator type=&#8221;transparent&#8221; up=&#8221;20&#8243; down=&#8221;22&#8243;][vc_separator type=&#8221;transparent&#8221; up=&#8221;20&#8243; down=&#8221;22&#8243;][vc_separator type=&#8221;transparent&#8221; up=&#8221;20&#8243; down=&#8221;22&#8243;][vc_single_image image=&#8221;15546&#8243; img_size=&#8221;full&#8221; alignment=&#8221;center&#8221; style=&#8221;vc_box_shadow_circle&#8221; qode_css_animation=&#8221;element_from_right&#8221;][vc_separator type=&#8221;transparent&#8221; up=&#8221;20&#8243; down=&#8221;22&#8243;][\/vc_column][vc_column width=&#8221;1\/2&#8243;][vc_separator type=&#8221;transparent&#8221; up=&#8221;20&#8243; down=&#8221;22&#8243;][vc_separator type=&#8221;transparent&#8221; up=&#8221;20&#8243; down=&#8221;22&#8243;][vc_column_text css=&#8221;&#8221;]<\/p>\n<p style=\"text-align: right;\"><em>Gosto de dizer ainda que a escrita \u00e9 para mim o movimento de dan\u00e7a-canto <\/em><br \/>\n<em>que o meu corpo n\u00e3o executou, \u00e9 a senha pela qual eu acesso o mundo.<\/em><\/p>\n<p style=\"text-align: right;\">(Concei\u00e7\u00e3o Evaristo)<\/p>\n<p>&nbsp;<\/p>\n<p style=\"text-align: justify;\"><strong>O Pr\u00eamio Concei\u00e7\u00e3o Evaristo de Literatura da Mulher Negra<\/strong>, chega \u00e0 segunda edi\u00e7\u00e3o, organizado pela Editora Metanoia com fomento do Governo Federal, utilizando recursos da Lei Paulo Gustavo, por interm\u00e9dio do Programa de Fomento \u00e0 Cultura Carioca (Pr\u00f3-Carioca) da Secretaria Municipal do Cultura do Rio de Janeiro, que cumpre o objetivo de produzir literatura escrita por mulheres negras, marcando um lugar importante na literatura brasileira e promovendo a circula\u00e7\u00e3o de livros e atividades liter\u00e1rias em equipamentos culturais da cidade do Rio de Janeiro.<\/p>\n<p style=\"text-align: justify;\">O desafio de prover cidadania \u00e0 popula\u00e7\u00e3o negra cabe ao poder p\u00fablico, portanto, a\u00e7\u00f5es culturais s\u00e3o o meio ideal de vencer o racismo e a exclus\u00e3o, por isso parabenizamos a iniciativa da Secretaria Municipal de Cultura do Rio de Janeiro e demonstramos nosso orgulho em participar deste projeto, que tem a felicidade de apresentar, ao povo da cidade do Rio de Janeiro, a produ\u00e7\u00e3o liter\u00e1ria de \u00a0autoras negras cariocas, que nos brindam com seu talento e, atrav\u00e9s de seus contos, fazem ressoar suas vozes, historicamente silenciadas, hoje imprescind\u00edveis \u00e0 constru\u00e7\u00e3o de uma sociedade \u00a0justa e democr\u00e1tica.<\/p>\n<p>&nbsp;<\/p>\n<p style=\"text-align: right;\">L\u00e9a Carvalho<\/p>\n<p style=\"text-align: right;\">Editora<\/p>\n<p>&nbsp;<\/p>\n<p style=\"text-align: justify;\"><span style=\"text-align: center;\">.<\/span><\/p>\n<p>&nbsp;<\/p>\n<p style=\"text-align: center;\"><strong>confira aqui o <a href=\"https:\/\/metanoiaeditora.com\/concurso\/resultado\/https:\/\/metanoiaeditora.com\/concurso\/resultado\/\">RESULTADO<\/a><\/strong><\/p>\n<p>[\/vc_column_text][vc_separator type=&#8221;transparent&#8221; up=&#8221;20&#8243; down=&#8221;22&#8243;][\/vc_column][\/vc_row][vc_row][vc_column][vc_column_text]<a href=\"http:\/\/metanoiaeditora.com\/concurso\/wp-content\/uploads\/2024\/02\/barra-de-logos_.png\"><img loading=\"lazy\" decoding=\"async\" class=\"alignnone size-full wp-image-15542\" src=\"http:\/\/metanoiaeditora.com\/concurso\/wp-content\/uploads\/2024\/02\/barra-de-logos_.png\" alt=\"\" width=\"2000\" height=\"200\" srcset=\"https:\/\/metanoiaeditora.com\/concurso\/wp-content\/uploads\/2024\/02\/barra-de-logos_.png 2000w, https:\/\/metanoiaeditora.com\/concurso\/wp-content\/uploads\/2024\/02\/barra-de-logos_-300x30.png 300w, https:\/\/metanoiaeditora.com\/concurso\/wp-content\/uploads\/2024\/02\/barra-de-logos_-1024x102.png 1024w, https:\/\/metanoiaeditora.com\/concurso\/wp-content\/uploads\/2024\/02\/barra-de-logos_-768x77.png 768w, https:\/\/metanoiaeditora.com\/concurso\/wp-content\/uploads\/2024\/02\/barra-de-logos_-1536x154.png 1536w\" sizes=\"auto, (max-width: 2000px) 100vw, 2000px\" \/><\/a>[\/vc_column_text][\/vc_column][\/vc_row]<\/p>\n<\/div>","protected":false},"excerpt":{"rendered":"<p>[vc_row][vc_column][vc_gallery type=&#8221;flexslider_slide&#8221; interval=&#8221;3&#8243; images=&#8221;15716&#8243; img_size=&#8221;1920&#215;560&#8243; onclick=&#8221;custom_link&#8221; css=&#8221;&#8221; custom_links=&#8221;#E-8_aHR0cHMlM0ElMkYlMkZtZXRhbm9pYWVkaXRvcmEuY29tJTJGY29uY3Vyc28lMkZlYm9vayUyRg==&#8221;][\/vc_column][\/vc_row][vc_row type=&#8221;grid&#8221;][vc_column width=&#8221;1\/2&#8243;][vc_separator type=&#8221;transparent&#8221; up=&#8221;20&#8243; down=&#8221;22&#8243;][vc_separator type=&#8221;transparent&#8221; up=&#8221;20&#8243; down=&#8221;22&#8243;][vc_separator type=&#8221;transparent&#8221; up=&#8221;20&#8243; down=&#8221;22&#8243;][vc_separator type=&#8221;transparent&#8221; up=&#8221;20&#8243; down=&#8221;22&#8243;][vc_separator type=&#8221;transparent&#8221; up=&#8221;20&#8243; down=&#8221;22&#8243;][vc_separator type=&#8221;transparent&#8221; up=&#8221;20&#8243; down=&#8221;22&#8243;][vc_single_image image=&#8221;15546&#8243; img_size=&#8221;full&#8221; alignment=&#8221;center&#8221; style=&#8221;vc_box_shadow_circle&#8221; qode_css_animation=&#8221;element_from_right&#8221;][vc_separator type=&#8221;transparent&#8221; up=&#8221;20&#8243; down=&#8221;22&#8243;][\/vc_column][vc_column width=&#8221;1\/2&#8243;][vc_separator type=&#8221;transparent&#8221; up=&#8221;20&#8243; down=&#8221;22&#8243;][vc_separator type=&#8221;transparent&#8221; up=&#8221;20&#8243; down=&#8221;22&#8243;][vc_column_text css=&#8221;&#8221;] Gosto&#8230;<\/p>\n","protected":false},"author":1,"featured_media":0,"parent":0,"menu_order":0,"comment_status":"closed","ping_status":"closed","template":"full_width.php","meta":{"footnotes":""},"class_list":["post-13517","page","type-page","status-publish","hentry"],"_links":{"self":[{"href":"https:\/\/metanoiaeditora.com\/concurso\/wp-json\/wp\/v2\/pages\/13517","targetHints":{"allow":["GET"]}}],"collection":[{"href":"https:\/\/metanoiaeditora.com\/concurso\/wp-json\/wp\/v2\/pages"}],"about":[{"href":"https:\/\/metanoiaeditora.com\/concurso\/wp-json\/wp\/v2\/types\/page"}],"author":[{"embeddable":true,"href":"https:\/\/metanoiaeditora.com\/concurso\/wp-json\/wp\/v2\/users\/1"}],"replies":[{"embeddable":true,"href":"https:\/\/metanoiaeditora.com\/concurso\/wp-json\/wp\/v2\/comments?post=13517"}],"version-history":[{"count":82,"href":"https:\/\/metanoiaeditora.com\/concurso\/wp-json\/wp\/v2\/pages\/13517\/revisions"}],"predecessor-version":[{"id":15717,"href":"https:\/\/metanoiaeditora.com\/concurso\/wp-json\/wp\/v2\/pages\/13517\/revisions\/15717"}],"wp:attachment":[{"href":"https:\/\/metanoiaeditora.com\/concurso\/wp-json\/wp\/v2\/media?parent=13517"}],"curies":[{"name":"wp","href":"https:\/\/api.w.org\/{rel}","templated":true}]}}