{"id":14932,"date":"2021-02-24T06:09:43","date_gmt":"2021-02-24T09:09:43","guid":{"rendered":"https:\/\/advocaciacamilafortes.com.br\/?page_id=14932"},"modified":"2025-01-09T19:08:04","modified_gmt":"2025-01-09T19:08:04","slug":"galeria-de-fotos","status":"publish","type":"page","link":"https:\/\/metanoiaeditora.com\/concurso\/galeria-de-fotos\/","title":{"rendered":"Galeria de Fotos"},"content":{"rendered":"<div class=\"wpb-content-wrapper\"><p>[vc_row][vc_column][vc_column_text css=&#8221;&#8221;]<\/p>\n<h4 style=\"text-align: center;\"><strong>Noite de Premia\u00e7\u00e3o na Arena Jovelina Per\u00f3la Negra<\/strong><\/h4>\n<p>[\/vc_column_text][vc_gallery type=&#8221;image_grid&#8221; images=&#8221;15615,15617,15618,15619,15620,15621,15622,15623,15624,15625,15626,15627,15628,15629,15630,15631,15632,15633,15634,15635,15636,15637,15638,15639,15640,15641,15642,15643,15644,15645,15646,15647,15648,15649,15650,15651,15652,15653,15654,15655,15656,15657,15658,15659,15660,15661,15662,15663,15664,15665,15666,15667,15668,15669,15670,15671,15672,15673,15674,15675,15676,15677,15678,15679&#8243; img_size=&#8221;200&#215;200&#8243; css=&#8221;&#8221; column_number=&#8221;4&#8243;][vc_column_text css=&#8221;&#8221;]<\/p>\n<h4 style=\"text-align: center;\"><strong>Areninha Carioca Hermeto Paschoal<\/strong><\/h4>\n<p>[\/vc_column_text][vc_gallery type=&#8221;image_grid&#8221; images=&#8221;15682,15683,15684,15685,15687,15688,15689,15690&#8243; img_size=&#8221;200&#215;200&#8243; css=&#8221;&#8221; column_number=&#8221;4&#8243;][vc_column_text css=&#8221;&#8221;]<\/p>\n<h4 style=\"text-align: center;\"><strong>Nave do Conhecimento da Penha<\/strong><\/h4>\n<p>[\/vc_column_text][vc_gallery type=&#8221;image_grid&#8221; images=&#8221;15691,15692,15693,15694,15695,15696,15697,15698,15699,15700&#8243; img_size=&#8221;200&#215;200&#8243; css=&#8221;&#8221; column_number=&#8221;4&#8243;][vc_column_text css=&#8221;&#8221;]<\/p>\n<h4 style=\"text-align: center;\"><strong>Areninha Carioca Sandra de S\u00e1<\/strong><\/h4>\n<p>[\/vc_column_text][vc_gallery type=&#8221;image_grid&#8221; images=&#8221;15701,15702,15703,15704,15705,15706,15707,15708&#8243; img_size=&#8221;200&#215;200&#8243; css=&#8221;&#8221; column_number=&#8221;4&#8243;][vc_column_text css=&#8221;&#8221;]<\/p>\n<h4 style=\"text-align: center;\">Centro Municipal de Artes H\u00e9lio Oiticica<\/h4>\n<p>[\/vc_column_text][vc_gallery type=&#8221;image_grid&#8221; images=&#8221;15709,15710,15711,15712,15713,15714,15715&#8243; img_size=&#8221;200&#215;200&#8243; css=&#8221;&#8221; column_number=&#8221;4&#8243;][vc_column_text css=&#8221;&#8221;]<\/p>\n<h4 style=\"text-align: center;\"><strong>\u00a0Museu da Hist\u00f3ria e Cultura Afro-brasileira &#8211; Muhcab<\/strong><\/h4>\n<p>[\/vc_column_text][vc_gallery type=&#8221;image_grid&#8221; images=&#8221;15718,15719,15720,15721,15722,15723,15724,15725,15727,15728,15729,15730,15731,15732,15733&#8243; img_size=&#8221;200&#215;200&#8243; css=&#8221;&#8221; column_number=&#8221;4&#8243;][\/vc_column][\/vc_row][vc_row][vc_column][vc_column_text css=&#8221;&#8221;]<a href=\"http:\/\/metanoiaeditora.com\/concurso\/wp-content\/uploads\/2024\/02\/barra-de-logos_.png\"><img loading=\"lazy\" decoding=\"async\" class=\"alignnone size-full wp-image-15542\" src=\"http:\/\/metanoiaeditora.com\/concurso\/wp-content\/uploads\/2024\/02\/barra-de-logos_.png\" alt=\"\" width=\"2000\" height=\"200\" srcset=\"https:\/\/metanoiaeditora.com\/concurso\/wp-content\/uploads\/2024\/02\/barra-de-logos_.png 2000w, https:\/\/metanoiaeditora.com\/concurso\/wp-content\/uploads\/2024\/02\/barra-de-logos_-300x30.png 300w, https:\/\/metanoiaeditora.com\/concurso\/wp-content\/uploads\/2024\/02\/barra-de-logos_-1024x102.png 1024w, https:\/\/metanoiaeditora.com\/concurso\/wp-content\/uploads\/2024\/02\/barra-de-logos_-768x77.png 768w, https:\/\/metanoiaeditora.com\/concurso\/wp-content\/uploads\/2024\/02\/barra-de-logos_-1536x154.png 1536w\" sizes=\"auto, (max-width: 2000px) 100vw, 2000px\" \/><\/a>[\/vc_column_text][\/vc_column][\/vc_row]<\/p>\n<\/div>","protected":false},"excerpt":{"rendered":"<p>[vc_row][vc_column][vc_column_text css=&#8221;&#8221;] Noite de Premia\u00e7\u00e3o na Arena Jovelina Per\u00f3la Negra [\/vc_column_text][vc_gallery type=&#8221;image_grid&#8221; images=&#8221;15615,15617,15618,15619,15620,15621,15622,15623,15624,15625,15626,15627,15628,15629,15630,15631,15632,15633,15634,15635,15636,15637,15638,15639,15640,15641,15642,15643,15644,15645,15646,15647,15648,15649,15650,15651,15652,15653,15654,15655,15656,15657,15658,15659,15660,15661,15662,15663,15664,15665,15666,15667,15668,15669,15670,15671,15672,15673,15674,15675,15676,15677,15678,15679&#8243; img_size=&#8221;200&#215;200&#8243; css=&#8221;&#8221; column_number=&#8221;4&#8243;][vc_column_text css=&#8221;&#8221;] Areninha Carioca Hermeto Paschoal [\/vc_column_text][vc_gallery type=&#8221;image_grid&#8221; images=&#8221;15682,15683,15684,15685,15687,15688,15689,15690&#8243; img_size=&#8221;200&#215;200&#8243; css=&#8221;&#8221; column_number=&#8221;4&#8243;][vc_column_text css=&#8221;&#8221;] Nave do Conhecimento da Penha [\/vc_column_text][vc_gallery type=&#8221;image_grid&#8221; images=&#8221;15691,15692,15693,15694,15695,15696,15697,15698,15699,15700&#8243; img_size=&#8221;200&#215;200&#8243; css=&#8221;&#8221; column_number=&#8221;4&#8243;][vc_column_text css=&#8221;&#8221;] Areninha Carioca Sandra de S\u00e1&#8230;<\/p>\n","protected":false},"author":1,"featured_media":0,"parent":0,"menu_order":0,"comment_status":"closed","ping_status":"closed","template":"","meta":{"footnotes":""},"class_list":["post-14932","page","type-page","status-publish","hentry"],"_links":{"self":[{"href":"https:\/\/metanoiaeditora.com\/concurso\/wp-json\/wp\/v2\/pages\/14932","targetHints":{"allow":["GET"]}}],"collection":[{"href":"https:\/\/metanoiaeditora.com\/concurso\/wp-json\/wp\/v2\/pages"}],"about":[{"href":"https:\/\/metanoiaeditora.com\/concurso\/wp-json\/wp\/v2\/types\/page"}],"author":[{"embeddable":true,"href":"https:\/\/metanoiaeditora.com\/concurso\/wp-json\/wp\/v2\/users\/1"}],"replies":[{"embeddable":true,"href":"https:\/\/metanoiaeditora.com\/concurso\/wp-json\/wp\/v2\/comments?post=14932"}],"version-history":[{"count":13,"href":"https:\/\/metanoiaeditora.com\/concurso\/wp-json\/wp\/v2\/pages\/14932\/revisions"}],"predecessor-version":[{"id":15738,"href":"https:\/\/metanoiaeditora.com\/concurso\/wp-json\/wp\/v2\/pages\/14932\/revisions\/15738"}],"wp:attachment":[{"href":"https:\/\/metanoiaeditora.com\/concurso\/wp-json\/wp\/v2\/media?parent=14932"}],"curies":[{"name":"wp","href":"https:\/\/api.w.org\/{rel}","templated":true}]}}